{"id":834,"date":"2024-10-28T10:24:28","date_gmt":"2024-10-28T02:24:28","guid":{"rendered":"https:\/\/1110.qizhongcarbon.com\/?page_id=834"},"modified":"2025-10-29T08:27:25","modified_gmt":"2025-10-29T00:27:25","slug":"activated-carbon-manufacturer-in-malaysia","status":"publish","type":"page","link":"https:\/\/qizhongcarbon.com\/tr\/activated-carbon-manufacturer-in-malaysia\/","title":{"rendered":"Malezya'da aktif karbon \u00fcreticisi"},"content":{"rendered":"","protected":false},"excerpt":{"rendered":"<p>Qizhong Chemical Company, Malezya'da aktif karbon konusunda lider bir \u00fcretici ve tedarik\u00e7idir. Y\u00fcksek kaliteli ve y\u00fcksek performansl\u0131 aktif karbon \u00fcr\u00fcnlerimizle tan\u0131n\u0131yoruz ve su ar\u0131tma, yiyecek ve i\u00e7ecek end\u00fcstrileri ve gaz ar\u0131tma sekt\u00f6rlerinde m\u00fckemmel bir itibar kazan\u0131yoruz.<\/p>","protected":false},"author":1,"featured_media":652,"parent":0,"menu_order":0,"comment_status":"closed","ping_status":"closed","template":"","meta":{"_acf_changed":false,"_seopress_robots_primary_cat":"","_seopress_titles_title":"Activated carbon manufacturer in malaysia | Qizhong Chemical","_seopress_titles_desc":"Qizhong Chemical Company is a leading manufacturer and supplier of activated carbon in Malaysia. We are renowned for our high-quality and high-performance activated carbon products, earning an excellent reputation in water treatment, food and beverage industries, and gas treatment sectors.","_seopress_robots_index":"","_seopress_analysis_target_kw":"","footnotes":""},"hf_cat_page":[20],"class_list":["post-834","page","type-page","status-publish","has-post-thumbnail","hentry"],"acf":[],"_links":{"self":[{"href":"https:\/\/qizhongcarbon.com\/tr\/wp-json\/wp\/v2\/pages\/834","targetHints":{"allow":["GET"]}}],"collection":[{"href":"https:\/\/qizhongcarbon.com\/tr\/wp-json\/wp\/v2\/pages"}],"about":[{"href":"https:\/\/qizhongcarbon.com\/tr\/wp-json\/wp\/v2\/types\/page"}],"author":[{"embeddable":true,"href":"https:\/\/qizhongcarbon.com\/tr\/wp-json\/wp\/v2\/users\/1"}],"replies":[{"embeddable":true,"href":"https:\/\/qizhongcarbon.com\/tr\/wp-json\/wp\/v2\/comments?post=834"}],"version-history":[{"count":0,"href":"https:\/\/qizhongcarbon.com\/tr\/wp-json\/wp\/v2\/pages\/834\/revisions"}],"wp:featuredmedia":[{"embeddable":true,"href":"https:\/\/qizhongcarbon.com\/tr\/wp-json\/wp\/v2\/media\/652"}],"wp:attachment":[{"href":"https:\/\/qizhongcarbon.com\/tr\/wp-json\/wp\/v2\/media?parent=834"}],"wp:term":[{"taxonomy":"hf_cat_page","embeddable":true,"href":"https:\/\/qizhongcarbon.com\/tr\/wp-json\/wp\/v2\/hf_cat_page?post=834"}],"curies":[{"name":"wp","href":"https:\/\/api.w.org\/{rel}","templated":true}]}}