{"id":805,"date":"2024-10-28T08:35:04","date_gmt":"2024-10-28T00:35:04","guid":{"rendered":"https:\/\/1110.qizhongcarbon.com\/?page_id=805"},"modified":"2025-11-08T10:26:56","modified_gmt":"2025-11-08T02:26:56","slug":"activated-carbon-manufacturer-in-india","status":"publish","type":"page","link":"https:\/\/qizhongcarbon.com\/tr\/activated-carbon-manufacturer-in-india\/","title":{"rendered":"Hindistan'da aktif karbon \u00fcreticisi"},"content":{"rendered":"","protected":false},"excerpt":{"rendered":"<p>Qizhong Chemical, Hindistan'\u0131n \u00f6nde gelen aktif karbon \u00fcreticisi ve tedarik\u00e7isidir. Amiral gemisi \u00fcr\u00fcn\u00fcm\u00fcz olan hindistan cevizi kabuklar\u0131ndan yap\u0131lan aktif karbon \u00fcretiminde uzman\u0131z. Ayr\u0131ca, m\u00fc\u015fterilerimizin farkl\u0131 ihtiya\u00e7lar\u0131n\u0131 kar\u015f\u0131lamak i\u00e7in k\u00f6m\u00fcr ve odundan aktif karbon da \u00fcretebiliyoruz.<\/p>","protected":false},"author":1,"featured_media":676,"parent":0,"menu_order":0,"comment_status":"closed","ping_status":"closed","template":"","meta":{"_acf_changed":false,"_seopress_robots_primary_cat":"","_seopress_titles_title":"Activated carbon manufacturer in India | Qizhong Chemical","_seopress_titles_desc":"Qizhong Chemical Company is a leading manufacturer and supplier of activated carbon in Malaysia. We are renowned for our high-quality and high-performance activated carbon products, earning an excellent reputation in water treatment, food and beverage industries, and gas treatment sectors.","_seopress_robots_index":"","_seopress_analysis_target_kw":"","footnotes":""},"hf_cat_page":[20],"class_list":["post-805","page","type-page","status-publish","has-post-thumbnail","hentry"],"acf":[],"_links":{"self":[{"href":"https:\/\/qizhongcarbon.com\/tr\/wp-json\/wp\/v2\/pages\/805","targetHints":{"allow":["GET"]}}],"collection":[{"href":"https:\/\/qizhongcarbon.com\/tr\/wp-json\/wp\/v2\/pages"}],"about":[{"href":"https:\/\/qizhongcarbon.com\/tr\/wp-json\/wp\/v2\/types\/page"}],"author":[{"embeddable":true,"href":"https:\/\/qizhongcarbon.com\/tr\/wp-json\/wp\/v2\/users\/1"}],"replies":[{"embeddable":true,"href":"https:\/\/qizhongcarbon.com\/tr\/wp-json\/wp\/v2\/comments?post=805"}],"version-history":[{"count":0,"href":"https:\/\/qizhongcarbon.com\/tr\/wp-json\/wp\/v2\/pages\/805\/revisions"}],"wp:featuredmedia":[{"embeddable":true,"href":"https:\/\/qizhongcarbon.com\/tr\/wp-json\/wp\/v2\/media\/676"}],"wp:attachment":[{"href":"https:\/\/qizhongcarbon.com\/tr\/wp-json\/wp\/v2\/media?parent=805"}],"wp:term":[{"taxonomy":"hf_cat_page","embeddable":true,"href":"https:\/\/qizhongcarbon.com\/tr\/wp-json\/wp\/v2\/hf_cat_page?post=805"}],"curies":[{"name":"wp","href":"https:\/\/api.w.org\/{rel}","templated":true}]}}