{"id":1535,"date":"2024-11-08T08:38:21","date_gmt":"2024-11-08T00:38:21","guid":{"rendered":"https:\/\/1110.qizhongcarbon.com\/?page_id=1535"},"modified":"2025-11-11T09:54:30","modified_gmt":"2025-11-11T01:54:30","slug":"impregnated-activated-carbon","status":"publish","type":"page","link":"https:\/\/qizhongcarbon.com\/tr\/product\/impregnated-activated-carbon\/","title":{"rendered":"Emprenyeli aktif karbon"},"content":{"rendered":"","protected":false},"excerpt":{"rendered":"<p>Gran\u00fcl aktif karbon, hammadde olarak y\u00fcksek kaliteli k\u00f6m\u00fcr veya hindistan cevizi kabu\u011fundan yap\u0131l\u0131r ve karbonizasyon, aktivasyon, k\u0131rma, eleme ve di\u011fer i\u015flemlerle rafine edilir. Su ar\u0131tma, gaz ar\u0131tma, renk giderme ve safla\u015ft\u0131rma, alt\u0131n geri kazan\u0131m\u0131 ve di\u011fer alanlarda yayg\u0131n olarak kullan\u0131lmaktad\u0131r.<\/p>","protected":false},"author":1,"featured_media":508,"parent":762,"menu_order":0,"comment_status":"closed","ping_status":"closed","template":"","meta":{"_acf_changed":false,"_seopress_robots_primary_cat":"","_seopress_titles_title":"Impregnated Activated Carbon Manufacturer | Qizhong Chemical","_seopress_titles_desc":"As a direct manufacturer of impregnated activated carbon, we offer full customization services, from substrate selection to chemical impregnation. We provide performance-verified products for everything from biogas desulfurization to complex industrial exhaust streams. Discuss your project with our engineers today.","_seopress_robots_index":"","footnotes":""},"class_list":["post-1535","page","type-page","status-publish","has-post-thumbnail","hentry"],"acf":[],"_links":{"self":[{"href":"https:\/\/qizhongcarbon.com\/tr\/wp-json\/wp\/v2\/pages\/1535","targetHints":{"allow":["GET"]}}],"collection":[{"href":"https:\/\/qizhongcarbon.com\/tr\/wp-json\/wp\/v2\/pages"}],"about":[{"href":"https:\/\/qizhongcarbon.com\/tr\/wp-json\/wp\/v2\/types\/page"}],"author":[{"embeddable":true,"href":"https:\/\/qizhongcarbon.com\/tr\/wp-json\/wp\/v2\/users\/1"}],"replies":[{"embeddable":true,"href":"https:\/\/qizhongcarbon.com\/tr\/wp-json\/wp\/v2\/comments?post=1535"}],"version-history":[{"count":0,"href":"https:\/\/qizhongcarbon.com\/tr\/wp-json\/wp\/v2\/pages\/1535\/revisions"}],"up":[{"embeddable":true,"href":"https:\/\/qizhongcarbon.com\/tr\/wp-json\/wp\/v2\/pages\/762"}],"wp:featuredmedia":[{"embeddable":true,"href":"https:\/\/qizhongcarbon.com\/tr\/wp-json\/wp\/v2\/media\/508"}],"wp:attachment":[{"href":"https:\/\/qizhongcarbon.com\/tr\/wp-json\/wp\/v2\/media?parent=1535"}],"curies":[{"name":"wp","href":"https:\/\/api.w.org\/{rel}","templated":true}]}}