{"id":1498,"date":"2024-11-07T11:07:15","date_gmt":"2024-11-07T03:07:15","guid":{"rendered":"https:\/\/1110.qizhongcarbon.com\/?page_id=1498"},"modified":"2025-11-11T09:55:59","modified_gmt":"2025-11-11T01:55:59","slug":"powdered-activated-carbon","status":"publish","type":"page","link":"https:\/\/qizhongcarbon.com\/fr\/product\/powdered-activated-carbon\/","title":{"rendered":"Charbon actif en poudre"},"content":{"rendered":"","protected":false},"excerpt":{"rendered":"<p>Le charbon actif en granul\u00e9s est fabriqu\u00e9 \u00e0 partir de charbon de haute qualit\u00e9 ou de coquilles de noix de coco comme mati\u00e8re premi\u00e8re, et raffin\u00e9 par carbonisation, activation, broyage, tamisage et autres processus. Il est largement utilis\u00e9 dans le traitement de l'eau, la purification des gaz, la d\u00e9coloration et la purification, la r\u00e9cup\u00e9ration de l'or et d'autres domaines.<\/p>","protected":false},"author":1,"featured_media":553,"parent":762,"menu_order":0,"comment_status":"closed","ping_status":"closed","template":"","meta":{"_acf_changed":false,"_seopress_robots_primary_cat":"","_seopress_titles_title":"Powdered Activated Carbon (PAC) Manufacturer | Qizhong Chemical","_seopress_titles_desc":"Qizhong Carbon manufactures premium wood & coal based Powdered Activated Carbon (PAC) with high Methylene Blue value and decolorizing efficiency. Widely used for purification in waterworks, sugar, MSG, and pharmaceutical industries. Contact us for a solution that meets your industry standards.","_seopress_robots_index":"","footnotes":""},"class_list":["post-1498","page","type-page","status-publish","has-post-thumbnail","hentry"],"acf":[],"_links":{"self":[{"href":"https:\/\/qizhongcarbon.com\/fr\/wp-json\/wp\/v2\/pages\/1498","targetHints":{"allow":["GET"]}}],"collection":[{"href":"https:\/\/qizhongcarbon.com\/fr\/wp-json\/wp\/v2\/pages"}],"about":[{"href":"https:\/\/qizhongcarbon.com\/fr\/wp-json\/wp\/v2\/types\/page"}],"author":[{"embeddable":true,"href":"https:\/\/qizhongcarbon.com\/fr\/wp-json\/wp\/v2\/users\/1"}],"replies":[{"embeddable":true,"href":"https:\/\/qizhongcarbon.com\/fr\/wp-json\/wp\/v2\/comments?post=1498"}],"version-history":[{"count":0,"href":"https:\/\/qizhongcarbon.com\/fr\/wp-json\/wp\/v2\/pages\/1498\/revisions"}],"up":[{"embeddable":true,"href":"https:\/\/qizhongcarbon.com\/fr\/wp-json\/wp\/v2\/pages\/762"}],"wp:featuredmedia":[{"embeddable":true,"href":"https:\/\/qizhongcarbon.com\/fr\/wp-json\/wp\/v2\/media\/553"}],"wp:attachment":[{"href":"https:\/\/qizhongcarbon.com\/fr\/wp-json\/wp\/v2\/media?parent=1498"}],"curies":[{"name":"wp","href":"https:\/\/api.w.org\/{rel}","templated":true}]}}