{"id":834,"date":"2024-10-28T10:24:28","date_gmt":"2024-10-28T02:24:28","guid":{"rendered":"https:\/\/1110.qizhongcarbon.com\/?page_id=834"},"modified":"2025-10-29T08:27:25","modified_gmt":"2025-10-29T00:27:25","slug":"activated-carbon-manufacturer-in-malaysia","status":"publish","type":"page","link":"https:\/\/qizhongcarbon.com\/es\/activated-carbon-manufacturer-in-malaysia\/","title":{"rendered":"Fabricante de carb\u00f3n activado en Malasia"},"content":{"rendered":"","protected":false},"excerpt":{"rendered":"<p>Qizhong Chemical Company es un fabricante y proveedor l\u00edder de carb\u00f3n activado en Malasia. Somos conocidos por nuestros productos de carb\u00f3n activado de alta calidad y alto rendimiento, gan\u00e1ndonos una excelente reputaci\u00f3n en los sectores del tratamiento de aguas, la industria alimentaria y de bebidas, y el tratamiento de gases.<\/p>","protected":false},"author":1,"featured_media":652,"parent":0,"menu_order":0,"comment_status":"closed","ping_status":"closed","template":"","meta":{"_acf_changed":false,"_seopress_robots_primary_cat":"","_seopress_titles_title":"Activated carbon manufacturer in malaysia | Qizhong Chemical","_seopress_titles_desc":"Qizhong Chemical Company is a leading manufacturer and supplier of activated carbon in Malaysia. We are renowned for our high-quality and high-performance activated carbon products, earning an excellent reputation in water treatment, food and beverage industries, and gas treatment sectors.","_seopress_robots_index":"","footnotes":""},"class_list":["post-834","page","type-page","status-publish","has-post-thumbnail","hentry"],"acf":[],"_links":{"self":[{"href":"https:\/\/qizhongcarbon.com\/es\/wp-json\/wp\/v2\/pages\/834","targetHints":{"allow":["GET"]}}],"collection":[{"href":"https:\/\/qizhongcarbon.com\/es\/wp-json\/wp\/v2\/pages"}],"about":[{"href":"https:\/\/qizhongcarbon.com\/es\/wp-json\/wp\/v2\/types\/page"}],"author":[{"embeddable":true,"href":"https:\/\/qizhongcarbon.com\/es\/wp-json\/wp\/v2\/users\/1"}],"replies":[{"embeddable":true,"href":"https:\/\/qizhongcarbon.com\/es\/wp-json\/wp\/v2\/comments?post=834"}],"version-history":[{"count":0,"href":"https:\/\/qizhongcarbon.com\/es\/wp-json\/wp\/v2\/pages\/834\/revisions"}],"wp:featuredmedia":[{"embeddable":true,"href":"https:\/\/qizhongcarbon.com\/es\/wp-json\/wp\/v2\/media\/652"}],"wp:attachment":[{"href":"https:\/\/qizhongcarbon.com\/es\/wp-json\/wp\/v2\/media?parent=834"}],"curies":[{"name":"wp","href":"https:\/\/api.w.org\/{rel}","templated":true}]}}