{"id":774,"date":"2024-10-26T15:53:18","date_gmt":"2024-10-26T07:53:18","guid":{"rendered":"https:\/\/1110.qizhongcarbon.com\/?page_id=774"},"modified":"2025-11-12T17:16:36","modified_gmt":"2025-11-12T09:16:36","slug":"granular-activated-carbon","status":"publish","type":"page","link":"https:\/\/qizhongcarbon.com\/es\/product\/granular-activated-carbon\/","title":{"rendered":"Carb\u00f3n activo granulado"},"content":{"rendered":"","protected":false},"excerpt":{"rendered":"<p>El carb\u00f3n activado granular se fabrica con carb\u00f3n de alta calidad o c\u00e1scara de coco como materia prima, y se refina mediante carbonizaci\u00f3n, activaci\u00f3n, trituraci\u00f3n, tamizado y otros procesos. Se utiliza ampliamente en el tratamiento de aguas, purificaci\u00f3n de gases, decoloraci\u00f3n y purificaci\u00f3n, recuperaci\u00f3n de oro y otros campos.<\/p>","protected":false},"author":1,"featured_media":552,"parent":762,"menu_order":0,"comment_status":"closed","ping_status":"closed","template":"","meta":{"_acf_changed":false,"_seopress_robots_primary_cat":"","_seopress_titles_title":"Granular Activated Carbon (GAC) Manufacturer | Coconut, Coal & Wood Based | Qizhong Carbon","_seopress_titles_desc":"Qizhong Carbon manufactures high-quality Coal, Coconut, and Wood based Granular Activated Carbon (GAC). Our products offer high strength, superior adsorption, and are ideal for water treatment, food decolorization, and gold recovery. Contact our ISO9001 certified factory for a custom solution.","_seopress_robots_index":"","_seopress_analysis_target_kw":"","footnotes":""},"hf_cat_page":[30],"class_list":["post-774","page","type-page","status-publish","has-post-thumbnail","hentry"],"acf":[],"_links":{"self":[{"href":"https:\/\/qizhongcarbon.com\/es\/wp-json\/wp\/v2\/pages\/774","targetHints":{"allow":["GET"]}}],"collection":[{"href":"https:\/\/qizhongcarbon.com\/es\/wp-json\/wp\/v2\/pages"}],"about":[{"href":"https:\/\/qizhongcarbon.com\/es\/wp-json\/wp\/v2\/types\/page"}],"author":[{"embeddable":true,"href":"https:\/\/qizhongcarbon.com\/es\/wp-json\/wp\/v2\/users\/1"}],"replies":[{"embeddable":true,"href":"https:\/\/qizhongcarbon.com\/es\/wp-json\/wp\/v2\/comments?post=774"}],"version-history":[{"count":0,"href":"https:\/\/qizhongcarbon.com\/es\/wp-json\/wp\/v2\/pages\/774\/revisions"}],"up":[{"embeddable":true,"href":"https:\/\/qizhongcarbon.com\/es\/wp-json\/wp\/v2\/pages\/762"}],"wp:featuredmedia":[{"embeddable":true,"href":"https:\/\/qizhongcarbon.com\/es\/wp-json\/wp\/v2\/media\/552"}],"wp:attachment":[{"href":"https:\/\/qizhongcarbon.com\/es\/wp-json\/wp\/v2\/media?parent=774"}],"wp:term":[{"taxonomy":"hf_cat_page","embeddable":true,"href":"https:\/\/qizhongcarbon.com\/es\/wp-json\/wp\/v2\/hf_cat_page?post=774"}],"curies":[{"name":"wp","href":"https:\/\/api.w.org\/{rel}","templated":true}]}}