{"id":1632,"date":"2024-11-09T08:48:07","date_gmt":"2024-11-09T00:48:07","guid":{"rendered":"https:\/\/1110.qizhongcarbon.com\/?page_id=1632"},"modified":"2025-11-11T09:52:30","modified_gmt":"2025-11-11T01:52:30","slug":"honeycomb-activated-carbon","status":"publish","type":"page","link":"https:\/\/qizhongcarbon.com\/es\/product\/honeycomb-activated-carbon\/","title":{"rendered":"carb\u00f3n activado en panal"},"content":{"rendered":"","protected":false},"excerpt":{"rendered":"<p>El carb\u00f3n activado granular se fabrica con carb\u00f3n de alta calidad o c\u00e1scara de coco como materia prima, y se refina mediante carbonizaci\u00f3n, activaci\u00f3n, trituraci\u00f3n, tamizado y otros procesos. Se utiliza ampliamente en el tratamiento de aguas, purificaci\u00f3n de gases, decoloraci\u00f3n y purificaci\u00f3n, recuperaci\u00f3n de oro y otros campos.<\/p>","protected":false},"author":1,"featured_media":536,"parent":762,"menu_order":0,"comment_status":"closed","ping_status":"closed","template":"","meta":{"_acf_changed":false,"_seopress_robots_primary_cat":"","_seopress_titles_title":"Honeycomb Activated Carbon Supplier | Qizhong Carbon","_seopress_titles_desc":"Supplying high-performance honeycomb activated carbon. Made from premium coal or wood powder, featuring high CTC adsorption value and mechanical strength. Standard blocks (100x100x100mm) and custom sizes available. Ideal for spray booths, printing plants, etc. Inquire for pricing.","_seopress_robots_index":"","footnotes":""},"class_list":["post-1632","page","type-page","status-publish","has-post-thumbnail","hentry"],"acf":[],"_links":{"self":[{"href":"https:\/\/qizhongcarbon.com\/es\/wp-json\/wp\/v2\/pages\/1632","targetHints":{"allow":["GET"]}}],"collection":[{"href":"https:\/\/qizhongcarbon.com\/es\/wp-json\/wp\/v2\/pages"}],"about":[{"href":"https:\/\/qizhongcarbon.com\/es\/wp-json\/wp\/v2\/types\/page"}],"author":[{"embeddable":true,"href":"https:\/\/qizhongcarbon.com\/es\/wp-json\/wp\/v2\/users\/1"}],"replies":[{"embeddable":true,"href":"https:\/\/qizhongcarbon.com\/es\/wp-json\/wp\/v2\/comments?post=1632"}],"version-history":[{"count":0,"href":"https:\/\/qizhongcarbon.com\/es\/wp-json\/wp\/v2\/pages\/1632\/revisions"}],"up":[{"embeddable":true,"href":"https:\/\/qizhongcarbon.com\/es\/wp-json\/wp\/v2\/pages\/762"}],"wp:featuredmedia":[{"embeddable":true,"href":"https:\/\/qizhongcarbon.com\/es\/wp-json\/wp\/v2\/media\/536"}],"wp:attachment":[{"href":"https:\/\/qizhongcarbon.com\/es\/wp-json\/wp\/v2\/media?parent=1632"}],"curies":[{"name":"wp","href":"https:\/\/api.w.org\/{rel}","templated":true}]}}