{"id":1516,"date":"2024-11-07T16:18:40","date_gmt":"2024-11-07T08:18:40","guid":{"rendered":"https:\/\/1110.qizhongcarbon.com\/?page_id=1516"},"modified":"2025-11-11T09:38:36","modified_gmt":"2025-11-11T01:38:36","slug":"extruded-activated-carbon","status":"publish","type":"page","link":"https:\/\/qizhongcarbon.com\/es\/product\/extruded-activated-carbon\/","title":{"rendered":"Carb\u00f3n activado en pellets\/extruido"},"content":{"rendered":"","protected":false},"excerpt":{"rendered":"<p>El carb\u00f3n activado granular se fabrica con carb\u00f3n de alta calidad o c\u00e1scara de coco como materia prima, y se refina mediante carbonizaci\u00f3n, activaci\u00f3n, trituraci\u00f3n, tamizado y otros procesos. Se utiliza ampliamente en el tratamiento de aguas, purificaci\u00f3n de gases, decoloraci\u00f3n y purificaci\u00f3n, recuperaci\u00f3n de oro y otros campos.<\/p>","protected":false},"author":1,"featured_media":508,"parent":762,"menu_order":0,"comment_status":"closed","ping_status":"closed","template":"","meta":{"_acf_changed":false,"_seopress_robots_primary_cat":"","_seopress_titles_title":"Extruded & Pellet Activated Carbon Manufacturer | Qizhong Carbon","_seopress_titles_desc":"Qizhong Carbon is a leading manufacturer of extruded activated carbon (pellets). We offer high-strength, low-ash, coal & wood based products with developed pore structure for air purification, VOCs removal, and solvent recovery. Contact us for free samples & solutions!","_seopress_robots_index":"","footnotes":""},"class_list":["post-1516","page","type-page","status-publish","has-post-thumbnail","hentry"],"acf":[],"_links":{"self":[{"href":"https:\/\/qizhongcarbon.com\/es\/wp-json\/wp\/v2\/pages\/1516","targetHints":{"allow":["GET"]}}],"collection":[{"href":"https:\/\/qizhongcarbon.com\/es\/wp-json\/wp\/v2\/pages"}],"about":[{"href":"https:\/\/qizhongcarbon.com\/es\/wp-json\/wp\/v2\/types\/page"}],"author":[{"embeddable":true,"href":"https:\/\/qizhongcarbon.com\/es\/wp-json\/wp\/v2\/users\/1"}],"replies":[{"embeddable":true,"href":"https:\/\/qizhongcarbon.com\/es\/wp-json\/wp\/v2\/comments?post=1516"}],"version-history":[{"count":0,"href":"https:\/\/qizhongcarbon.com\/es\/wp-json\/wp\/v2\/pages\/1516\/revisions"}],"up":[{"embeddable":true,"href":"https:\/\/qizhongcarbon.com\/es\/wp-json\/wp\/v2\/pages\/762"}],"wp:featuredmedia":[{"embeddable":true,"href":"https:\/\/qizhongcarbon.com\/es\/wp-json\/wp\/v2\/media\/508"}],"wp:attachment":[{"href":"https:\/\/qizhongcarbon.com\/es\/wp-json\/wp\/v2\/media?parent=1516"}],"curies":[{"name":"wp","href":"https:\/\/api.w.org\/{rel}","templated":true}]}}